{"id":294391,"date":"2020-11-18T11:10:47","date_gmt":"2020-11-18T11:10:47","guid":{"rendered":"https:\/\/xn--aunds-schlsseldienst-yec.de\/schluesseldienst\/herzebrock-clarholz\/"},"modified":"2020-11-18T11:10:47","modified_gmt":"2020-11-18T11:10:47","slug":"herzebrock-clarholz","status":"publish","type":"page","link":"https:\/\/xn--aunds-schlsseldienst-yec.de\/schluesseldienst\/herzebrock-clarholz\/","title":{"rendered":"Schl\u00fcsseldienst Herzebrock-Clarholz"},"content":{"rendered":"<h2>Schl\u00fcsseldienst Herzebrock-Clarholz &#8211; kompetent, zuverl\u00e4ssig und kundenorientiert<\/h2>\n<p><strong>A&amp;S Schl\u00fcsseldienst ist Ihr kompetenter Ansprechpartner rund um das Thema Schl\u00fcssel, Schl\u00f6sser, Schliessanlagen, Einbruchschutz und vielem mehr. Rufen Sie uns an, wir beraten Sie gerne!<\/strong><\/p>\n<p>Stellen Sie sich vor, Sie kommen sp\u00e4t abends von Ihrer Arbeit nach Hause, um herauszufinden, dass Sie die Schl\u00fcssel f\u00fcr Ihr Zuhause verloren haben. Stellen Sie sich nun vor, dass diese Situation in den kalten Monaten der Wintersaison auftritt. Wer sich in dieser Situation befindet, ruft direkt den \u00f6rtlichen Schl\u00fcsseldienst an. Leider ist es nicht immer so einfach, einen Schl\u00fcsseldienst zu finden, die ihre Dienstleistungen rund um die Uhr anbietet.<\/p>\n<h2>Situationen, in denen ein kompetenter Schl\u00fcsseldienst Herzebrock-Clarholz essenziell ist<\/h2>\n<p>Die Nachfrage nach Notschlossern hat zugenommen. Um den Kundenanforderungen gerecht zu werden, sind die meisten Unternehmen gezwungen, flexible B\u00fcrozeiten anzubieten. Hier sind einige Szenarien, die Ihnen helfen zu erkennen, wann ein Schl\u00fcsseldienst Herzebrock-Clarholz von entscheidender Bedeutung ist.<\/p>\n<h3>Sie haben sich ausgesperrt? Schl\u00fcsseldienst Herzebrock-Clarholz hilft!<\/h3>\n<p>Aussperrung ist das h\u00e4ufigste Problem, wenn jemand den Service eines Notschlossers ben\u00f6tigt. Unabh\u00e4ngig davon, ob Sie von Ihren Gewerbefl\u00e4chen, Wohnimmobilien oder Fahrzeugen ausgeschlossen waren, kann ein 24\/7-Schlosser die richtige L\u00f6sung f\u00fcr Ihr Probleme bieten. Experten empfehlen, dass Sie die Kontaktinformationen eines zuverl\u00e4ssigen Schl\u00fcsseldienstes in Ihrem Telefon speichern, damit Sie in k\u00fcrzester Zeit wieder auf die Stra\u00dfe gehen oder Zugang zu Ihrer Immobilie erhalten k\u00f6nnen.<\/p>\n<h3>Sie ben\u00f6tigen einen zuverl\u00e4ssigen Einbruchschutz in Herzebrock-Clarholz<\/h3>\n<p>Wenn Sie den Verdacht haben, dass Ihr Eigentum vor potenziellen Eindringlingen \u00fcberwacht wird, sollten Sie einige Ma\u00dfnahmen ergreifen, um die Sicherheit Ihres Hauses zu verbessern. Eine gute M\u00f6glichkeit besteht darin, Ihre Schl\u00f6sser zu aktualisieren und \u00dcberwachungskameras zu installieren. Unser professioneller Schl\u00fcsseldienst Herzebrock-Clarholz verf\u00fcgt \u00fcber eine lange Liste von F\u00e4higkeiten und Kenntnissen: Sie k\u00f6nnen Alarme, Video\u00fcberwachung und andere Funktionen installieren, um potenzielle Einbrecher zu entmutigen.<\/p>\n<h3>Ihr Schl\u00fcssel ist gebrochen? Ihr Schl\u00fcsseldienst Herzebrock-Clarholz ist f\u00fcr Sie da!<\/h3>\n<p>Ist Ihr Schl\u00fcssel im Zylinder gebrochen, dann sollten Sie ruhig bleiben und unser 24\/7-Schl\u00fcsselnotdienst kontaktieren. Unser professionelles Team schlie\u00dft Ihre T\u00fcren auf und stellt Ihnen neue hochwertige Schl\u00fcssel zur Verf\u00fcgung. Wenn Sie jemals einen Grund hatten, unseren Schl\u00fcsseldienst Herzebrock-Clarholz anzurufen, wissen Sie wahrscheinlich, warum wir auch als moderne Helden bekannt sind.<\/p>\n<h3>Ausgesperrt? Schl\u00fcsseldienst Herzebrock-Clarholz &#8211; Ihre Retter in Not<\/h3>\n<p>Sollten Sie feststellen, dass Sie aus Ihrem Haus ausgesperrt sind, dann ist es nur logisch, unseren Schl\u00fcsseldienst Herzebrock-Clarholz anzurufen. Selbst wenn Sie sich vor Kurzem mit einem Mitbewohner, einem entlassenen Mitarbeiter oder Ihrem Lebenspartner getrennt haben, ist es angemessen, uns zu kontaktieren: Unsere Mitarbeiter k\u00fcmmern sich um den Schlosswechsel.<\/p>\n<h3>Schl\u00fcsseldienst Herzebrock-Clarholz ist der richtige Experte f\u00fcr Ihr Gewerbe<\/h3>\n<p><strong>Unsere Spezialisten bieten folgende Dienstleistungen f\u00fcr Ihr Gewerbe:<\/strong><\/p>\n<ul>\n<li>Zylinder \u00e4ndern<\/li>\n<li>Hauptschl\u00fcsselsystem<\/li>\n<li>Hochsicherheitsschl\u00f6sser<\/li>\n<li>Sie reparieren alle Arten von Schl\u00f6ssern<\/li>\n<li>Aussperrung<\/li>\n<li>Notausgangssperre<\/li>\n<\/ul>\n<p>Unser Schl\u00fcsseldienst Herzebrock-Clarholz zielt darauf ab, Ihr Unternehmen und Ihre Verm\u00f6genswerte zu sch\u00fctzen. Unsere Experten sind dazu bereit, kompetente Dienstleistungen f\u00fcr kleine, mittlere und gro\u00dfe Unternehmen auszuf\u00fchren. Ein weiser Gesch\u00e4ftsinhaber w\u00fcrde niemals stehen und zusehen, wie seine hart verdienten Investitionen den Bach runtergehen. Sicherheit war schon immer ein wichtiges Anliegen f\u00fcr die meisten gewerblichen Einrichtungen wie B\u00fcrokomplexe, Regierungsstellen, Fabriken, Krankenh\u00e4user, Institutionen, Banken, Gesch\u00e4fte, Lagerh\u00e4user etc., die alle mit dem einen oder anderen Sicherheitsbed\u00fcrfnis konfrontiert sind. In einigen anderen gewerblichen Bereichen wie Juweliergesch\u00e4ften und Banken sind die Dienste eines professionellen Schl\u00fcsseldienstes erforderlich, um zus\u00e4tzliche Sicherheit zu bieten.<\/p>\n<p>Professionelle Schlosser, die in allen Arten von gewerblichen Schlosserarbeiten gut ausgebildet und erfahren sind, stehen Ihnen rund um die Uhr f\u00fcr zur Verf\u00fcgung. Ihre Aufgaben reichen von kleinen bis zu gro\u00dfen Anforderungen wie dem Wechseln, Reparieren, dem erneuten Verschl\u00fcsseln eines Schlosses oder der vollst\u00e4ndigen Installation eines Sicherheitssystems mit Fachwissen, das alle Arten von professionellen Schlosserarbeiten abdeckt, einschlie\u00dflich Notausgangst\u00fcrger\u00e4ten und Feuerfluchtvorrichtungen, stark frequentierte Schleusen, Panikstangen, externe Sicherheitsschl\u00f6sser und Reparaturen.<\/p>\n<p>Unsere Spezialisten sind mit der Behandlung von Problemen der sicheren Verriegelung vertraut und auf die Bereitstellung exklusiver Dienstleistungen wie die Wartung von Safes, die Installation von Zugangskontrollsystemen und die Bereitstellung eines spezifischen Zugangs zu bestimmten R\u00e4umen, die mit einem Passwortschutz einhergehen, spezialisiert.<\/p>\n<p>Schl\u00fcsseldienst Herzebrock-Clarholz bietet seinen Kunden einen zuverl\u00e4ssigen 24-Stunden-Service. Wir bieten zudem zuverl\u00e4ssige, professionelle Schlosserdienste, die Kunden mit einer schnellen Reaktionszeit von etwa zehn bis 20 Minuten unterst\u00fctzen sollen. Als lizenziertes und etabliertes Unternehmen ist unser Schl\u00fcsseldienst Herzebrock-Clarholz f\u00fcr seine harte Arbeit, Schnelligkeit und Zuverl\u00e4ssigkeit bekannt.<\/p>\n<p>Das Unternehmen ist bestrebt, glaubw\u00fcrdige kommerzielle Schlosserdienstleistungen zu erschwinglichen Preisen zu erbringen und gleichzeitig sicherzustellen, dass sich Kunden keine Sorgen mehr \u00fcber den Zustand ihrer Systemsicherheit machen.<\/p>\n<h3>Autoschl\u00fcssel verloren oder abgebrochen? Kein Problem.<\/h3>\n<p>Viele von uns haben den Schl\u00fcssel schon mal in der Autoz\u00fcndung abgebrochen. Viele andere haben Ihren Autoschl\u00fcssel hingegen verloren. Unser professioneller Schl\u00fcsseldienst Herzebrock-Clarholz kann Ihnen einen neuen Autoschl\u00fcssel erstellen und den kaputten Schl\u00fcssel entfernen, ohne Ihr Fahrzeug langfristig zu besch\u00e4digen. Unsere Verwaltung kann jede Ihrer Anforderungen an Autoschlosser erf\u00fcllen, unabh\u00e4ngig davon, welche Automarke oder welches Modell Sie besitzen.<\/p>\n<p>Mit unserem professionellen und zuverl\u00e4ssigen Schl\u00fcsseldienst Herzebrock-Clarholz k\u00f6nnen Sie sicher sein, dass alle Ihre Bedenken sofort beantwortet werden, sobald wir Ihren Anruf erhalten. Wir sind bereit, einen hoch qualifizierten und geschulten Techniker an Ihren Standort zu schicken, um sicherzustellen, dass die Dienstleistungen, die Sie erhalten, schnell und effizient ausgef\u00fchrt werden.<\/p>\n<p><strong>Unser Schl\u00fcsseldienst Herzebrock-Clarholz bietet Ihnen folgenden Service:<\/strong><\/p>\n<ul>\n<li style=\"list-style-type: none;\">\n<ul>\n<li>Autoschl\u00fcssel ersetzen<\/li>\n<li>Transponderschl\u00fcssel erstellen<\/li>\n<li>Z\u00fcndung reparieren \/ \u00e4ndern<\/li>\n<li>Schl\u00f6sser wechseln<\/li>\n<li>Hochsicherheitsschl\u00fcssel erstellen.<\/li>\n<\/ul>\n<\/li>\n<\/ul>\n<h3>Schl\u00fcsseldienst Herzebrock-Clarholz: Ein zuverl\u00e4ssiger Service rund um die Uhr<\/h3>\n<p>Unser Schl\u00fcsseldienst Herzebrock-Clarholz wei\u00df, wie frustrierend es ist, aus Ihrer Wohnung, Ihrem Haus oder Auto ausgesperrt zu werden. Aus diesem Grund haben wir unsere B\u00fcrozeiten flexibel gestaltet. Wir helfen Ihnen sowohl in den Ferien, am Wochenende, als auch in den fr\u00fchen Nachtstunden. Wir k\u00f6nnen Ihnen sofort geschulte und berufserfahrene Spezialisten zur Verf\u00fcgung stellen, die sofort die richtigen L\u00f6sungen f\u00fcr Ihre Probleme finden k\u00f6nnen.<\/p>\n<p><strong>Bei allen offenen Fragen stehen wir Ihnen jederzeit Gerne zur Verf\u00fcgung. Melden Sie sich bei uns per Telefon oder E-Mail \u2013 wir freuen uns auf Ihre Kontaktaufnahme!<\/strong><\/p>\n","protected":false},"excerpt":{"rendered":"<p>Schl\u00fcsseldienst Herzebrock-Clarholz &#8211; kompetent, zuverl\u00e4ssig und kundenorientiert A&amp;S Schl\u00fcsseldienst ist Ihr kompetenter Ansprechpartner rund um das Thema Schl\u00fcssel, Schl\u00f6sser, Schliessanlagen, Einbruchschutz und vielem mehr. Rufen Sie uns an, wir beraten Sie gerne! Stellen Sie sich vor, Sie kommen sp\u00e4t abends von Ihrer Arbeit nach Hause, um herauszufinden, dass Sie die Schl\u00fcssel f\u00fcr Ihr Zuhause verloren [&hellip;]<\/p>\n","protected":false},"author":1,"featured_media":0,"parent":0,"menu_order":0,"comment_status":"open","ping_status":"open","template":"","meta":[],"yoast_head":"<!-- This site is optimized with the Yoast SEO plugin v17.7.1 - https:\/\/yoast.com\/wordpress\/plugins\/seo\/ -->\n<meta name=\"robots\" content=\"index, follow, max-snippet:-1, max-image-preview:large, max-video-preview:-1\" \/>\n<link rel=\"canonical\" href=\"https:\/\/xn--aunds-schlsseldienst-yec.de\/schluesseldienst\/herzebrock-clarholz\/\" \/>\n<meta property=\"og:locale\" content=\"de_DE\" \/>\n<meta property=\"og:type\" content=\"article\" \/>\n<meta property=\"og:title\" content=\"Schl\u00fcsseldienst Herzebrock-Clarholz - A&amp;S Schl\u00fcsseldienst g\u00fcnstig\" \/>\n<meta property=\"og:description\" content=\"Schl\u00fcsseldienst Herzebrock-Clarholz &#8211; kompetent, zuverl\u00e4ssig und kundenorientiert A&amp;S Schl\u00fcsseldienst ist Ihr kompetenter Ansprechpartner rund um das Thema Schl\u00fcssel, Schl\u00f6sser, Schliessanlagen, Einbruchschutz und vielem mehr. Rufen Sie uns an, wir beraten Sie gerne! Stellen Sie sich vor, Sie kommen sp\u00e4t abends von Ihrer Arbeit nach Hause, um herauszufinden, dass Sie die Schl\u00fcssel f\u00fcr Ihr Zuhause verloren [&hellip;]\" \/>\n<meta property=\"og:url\" content=\"https:\/\/xn--aunds-schlsseldienst-yec.de\/schluesseldienst\/herzebrock-clarholz\/\" \/>\n<meta property=\"og:site_name\" content=\"A&amp;S Schl\u00fcsseldienst g\u00fcnstig\" \/>\n<meta name=\"twitter:card\" content=\"summary_large_image\" \/>\n<meta name=\"twitter:label1\" content=\"Gesch\u00e4tzte Lesezeit\" \/>\n\t<meta name=\"twitter:data1\" content=\"5 Minuten\" \/>\n<script type=\"application\/ld+json\" class=\"yoast-schema-graph\">{\"@context\":\"https:\/\/schema.org\",\"@graph\":[{\"@type\":\"WebSite\",\"@id\":\"https:\/\/xn--aunds-schlsseldienst-yec.de\/schluesseldienst\/#website\",\"url\":\"https:\/\/xn--aunds-schlsseldienst-yec.de\/schluesseldienst\/\",\"name\":\"A&amp;S Schl\\u00fcsseldienst g\\u00fcnstig\",\"description\":\"\",\"potentialAction\":[{\"@type\":\"SearchAction\",\"target\":{\"@type\":\"EntryPoint\",\"urlTemplate\":\"https:\/\/xn--aunds-schlsseldienst-yec.de\/schluesseldienst\/?s={search_term_string}\"},\"query-input\":\"required name=search_term_string\"}],\"inLanguage\":\"de-DE\"},{\"@type\":\"WebPage\",\"@id\":\"https:\/\/xn--aunds-schlsseldienst-yec.de\/schluesseldienst\/herzebrock-clarholz\/#webpage\",\"url\":\"https:\/\/xn--aunds-schlsseldienst-yec.de\/schluesseldienst\/herzebrock-clarholz\/\",\"name\":\"Schl\\u00fcsseldienst Herzebrock-Clarholz - A&amp;S Schl\\u00fcsseldienst g\\u00fcnstig\",\"isPartOf\":{\"@id\":\"https:\/\/xn--aunds-schlsseldienst-yec.de\/schluesseldienst\/#website\"},\"datePublished\":\"2020-11-18T11:10:47+00:00\",\"dateModified\":\"2020-11-18T11:10:47+00:00\",\"breadcrumb\":{\"@id\":\"https:\/\/xn--aunds-schlsseldienst-yec.de\/schluesseldienst\/herzebrock-clarholz\/#breadcrumb\"},\"inLanguage\":\"de-DE\",\"potentialAction\":[{\"@type\":\"ReadAction\",\"target\":[\"https:\/\/xn--aunds-schlsseldienst-yec.de\/schluesseldienst\/herzebrock-clarholz\/\"]}]},{\"@type\":\"BreadcrumbList\",\"@id\":\"https:\/\/xn--aunds-schlsseldienst-yec.de\/schluesseldienst\/herzebrock-clarholz\/#breadcrumb\",\"itemListElement\":[{\"@type\":\"ListItem\",\"position\":1,\"name\":\"Startseite\",\"item\":\"https:\/\/xn--aunds-schlsseldienst-yec.de\/schluesseldienst\/\"},{\"@type\":\"ListItem\",\"position\":2,\"name\":\"Schl\\u00fcsseldienst Herzebrock-Clarholz\"}]}]}<\/script>\n<!-- \/ Yoast SEO plugin. -->","yoast_head_json":{"robots":{"index":"index","follow":"follow","max-snippet":"max-snippet:-1","max-image-preview":"max-image-preview:large","max-video-preview":"max-video-preview:-1"},"canonical":"https:\/\/xn--aunds-schlsseldienst-yec.de\/schluesseldienst\/herzebrock-clarholz\/","og_locale":"de_DE","og_type":"article","og_title":"Schl\u00fcsseldienst Herzebrock-Clarholz - A&amp;S Schl\u00fcsseldienst g\u00fcnstig","og_description":"Schl\u00fcsseldienst Herzebrock-Clarholz &#8211; kompetent, zuverl\u00e4ssig und kundenorientiert A&amp;S Schl\u00fcsseldienst ist Ihr kompetenter Ansprechpartner rund um das Thema Schl\u00fcssel, Schl\u00f6sser, Schliessanlagen, Einbruchschutz und vielem mehr. Rufen Sie uns an, wir beraten Sie gerne! Stellen Sie sich vor, Sie kommen sp\u00e4t abends von Ihrer Arbeit nach Hause, um herauszufinden, dass Sie die Schl\u00fcssel f\u00fcr Ihr Zuhause verloren [&hellip;]","og_url":"https:\/\/xn--aunds-schlsseldienst-yec.de\/schluesseldienst\/herzebrock-clarholz\/","og_site_name":"A&amp;S Schl\u00fcsseldienst g\u00fcnstig","twitter_card":"summary_large_image","twitter_misc":{"Gesch\u00e4tzte Lesezeit":"5 Minuten"},"schema":{"@context":"https:\/\/schema.org","@graph":[{"@type":"WebSite","@id":"https:\/\/xn--aunds-schlsseldienst-yec.de\/schluesseldienst\/#website","url":"https:\/\/xn--aunds-schlsseldienst-yec.de\/schluesseldienst\/","name":"A&amp;S Schl\u00fcsseldienst g\u00fcnstig","description":"","potentialAction":[{"@type":"SearchAction","target":{"@type":"EntryPoint","urlTemplate":"https:\/\/xn--aunds-schlsseldienst-yec.de\/schluesseldienst\/?s={search_term_string}"},"query-input":"required name=search_term_string"}],"inLanguage":"de-DE"},{"@type":"WebPage","@id":"https:\/\/xn--aunds-schlsseldienst-yec.de\/schluesseldienst\/herzebrock-clarholz\/#webpage","url":"https:\/\/xn--aunds-schlsseldienst-yec.de\/schluesseldienst\/herzebrock-clarholz\/","name":"Schl\u00fcsseldienst Herzebrock-Clarholz - A&amp;S Schl\u00fcsseldienst g\u00fcnstig","isPartOf":{"@id":"https:\/\/xn--aunds-schlsseldienst-yec.de\/schluesseldienst\/#website"},"datePublished":"2020-11-18T11:10:47+00:00","dateModified":"2020-11-18T11:10:47+00:00","breadcrumb":{"@id":"https:\/\/xn--aunds-schlsseldienst-yec.de\/schluesseldienst\/herzebrock-clarholz\/#breadcrumb"},"inLanguage":"de-DE","potentialAction":[{"@type":"ReadAction","target":["https:\/\/xn--aunds-schlsseldienst-yec.de\/schluesseldienst\/herzebrock-clarholz\/"]}]},{"@type":"BreadcrumbList","@id":"https:\/\/xn--aunds-schlsseldienst-yec.de\/schluesseldienst\/herzebrock-clarholz\/#breadcrumb","itemListElement":[{"@type":"ListItem","position":1,"name":"Startseite","item":"https:\/\/xn--aunds-schlsseldienst-yec.de\/schluesseldienst\/"},{"@type":"ListItem","position":2,"name":"Schl\u00fcsseldienst Herzebrock-Clarholz"}]}]}},"_links":{"self":[{"href":"https:\/\/xn--aunds-schlsseldienst-yec.de\/schluesseldienst\/wp-json\/wp\/v2\/pages\/294391"}],"collection":[{"href":"https:\/\/xn--aunds-schlsseldienst-yec.de\/schluesseldienst\/wp-json\/wp\/v2\/pages"}],"about":[{"href":"https:\/\/xn--aunds-schlsseldienst-yec.de\/schluesseldienst\/wp-json\/wp\/v2\/types\/page"}],"author":[{"embeddable":true,"href":"https:\/\/xn--aunds-schlsseldienst-yec.de\/schluesseldienst\/wp-json\/wp\/v2\/users\/1"}],"replies":[{"embeddable":true,"href":"https:\/\/xn--aunds-schlsseldienst-yec.de\/schluesseldienst\/wp-json\/wp\/v2\/comments?post=294391"}],"version-history":[{"count":0,"href":"https:\/\/xn--aunds-schlsseldienst-yec.de\/schluesseldienst\/wp-json\/wp\/v2\/pages\/294391\/revisions"}],"wp:attachment":[{"href":"https:\/\/xn--aunds-schlsseldienst-yec.de\/schluesseldienst\/wp-json\/wp\/v2\/media?parent=294391"}],"curies":[{"name":"wp","href":"https:\/\/api.w.org\/{rel}","templated":true}]}}