{"id":289142,"date":"2020-11-16T10:31:30","date_gmt":"2020-11-16T10:31:30","guid":{"rendered":"https:\/\/xn--aunds-schlsseldienst-yec.de\/schluesseldienst\/?page_id=289142"},"modified":"2023-05-15T10:22:39","modified_gmt":"2023-05-15T10:22:39","slug":"impressum","status":"publish","type":"page","link":"https:\/\/xn--aunds-schlsseldienst-yec.de\/schluesseldienst\/impressum\/","title":{"rendered":"Impressum"},"content":{"rendered":"<p>Angaben gem\u00e4\u00df \u00a7 5 TMG<\/p>\n<p>Anbieter:<br \/>\nSeibel GmbH &#038; Co KG<br \/>\nAmberger Str. 132<br \/>\n93057 Regensburg<\/p>\n<p>Vertreten durch: Michael Simmendinger<\/p>\n<p>USt.-ID: DE270404930<\/p>\n<p>Aufsichtsbeh\u00f6rde: IHK Regensburg<br \/>\nHRA 10772<\/p>\n<p>Kontakt:<br \/>\nE-Mail: service@gmbh-seibel.de<\/p>\n<p>Haftungsausschluss:<\/p>\n<p>Wir sind eine Firma und sorgen f\u00fcr die Vermittlung von Auftr\u00e4gen an kompetente und sorgf\u00e4ltig ausgew\u00e4hlte Schl\u00fcsseldienste. Aus diesem Grund k\u00f6nnen wir nicht f\u00fcr die Preise, die Ausf\u00fchrung, die Schnelligkeit, und Qualit\u00e4t unserer Partnerfirmen haften. Bei Auftragserteilung handelt es sich um einen Vertrag zwischen Ihnen (Auftraggeber) und dem lokalen Partner. Haftungsanspr\u00fcche sind direkt gegen\u00fcber dem Partner vor Ort zu stellen, die Daten entnehmen Sie bitte dem Auftragsformular, welches Sie vor Ort ausgeh\u00e4ndigt bekommen haben.<\/p>\n<p>Haftung f\u00fcr Inhalte<\/p>\n<p>Die Inhalte unserer Seiten wurden mit gr\u00f6\u00dfter Sorgfalt erstellt. F\u00fcr die Richtigkeit, Vollst\u00e4ndigkeit und Aktualit\u00e4t der Inhalte k\u00f6nnen wir jedoch keine Gew\u00e4hr \u00fcbernehmen. Als Diensteanbieter sind wir gem\u00e4\u00df \u00a7 7 Abs.1 TMG f\u00fcr eigene Inhalte auf diesen Seiten nach den allgemeinen Gesetzen verantwortlich. Nach \u00a7\u00a7 8 bis 10 TMG sind wir als Diensteanbieter jedoch nicht verpflichtet, \u00fcbermittelte oder gespeicherte fremde Informationen zu \u00fcberwachen oder nach Umst\u00e4nden zu forschen, die auf eine rechtswidrige T\u00e4tigkeit hinweisen. Verpflichtungen zur Entfernung oder Sperrung der Nutzung von Informationen nach den allgemeinen Gesetzen bleiben hiervon unber\u00fchrt. Eine diesbez\u00fcgliche Haftung ist jedoch erst ab dem Zeitpunkt der Kenntnis einer konkreten Rechtsverletzung m\u00f6glich. Bei Bekanntwerden von entsprechenden Rechtsverletzungen werden wir diese Inhalte umgehend entfernen.<\/p>\n<p>Haftung f\u00fcr Links<\/p>\n<p>Unser Angebot enth\u00e4lt Links zu externen Webseiten Dritter, auf deren Inhalte wir keinen Einfluss haben. Deshalb k\u00f6nnen wir f\u00fcr diese fremden Inhalte auch keine Gew\u00e4hr \u00fcbernehmen. F\u00fcr die Inhalte der verlinkten Seiten ist stets der jeweilige Anbieter oder Betreiber der Seiten verantwortlich. Die verlinkten Seiten wurden zum Zeitpunkt der Verlinkung auf m\u00f6gliche Rechtsverst\u00f6\u00dfe \u00fcberpr\u00fcft. Rechtswidrige Inhalte waren zum Zeitpunkt der Verlinkung nicht erkennbar. Eine permanente inhaltliche Kontrolle der verlinkten Seiten ist jedoch ohne konkrete Anhaltspunkte einer Rechtsverletzung nicht zumutbar. Bei Bekanntwerden von Rechtsverletzungen werden wir derartige Links umgehend entfernen.<\/p>\n<p>Urheberrecht<\/p>\n<p>Die durch die Seitenbetreiber erstellten Inhalte und Werke auf diesen Seiten unterliegen dem deutschen Urheberrecht. Die Vervielf\u00e4ltigung, Bearbeitung, Verbreitung und jede Art der Verwertung au\u00dferhalb der Grenzen des Urheberrechtes bed\u00fcrfen der schriftlichen Zustimmung des jeweiligen Autors bzw. Erstellers. Downloads und Kopien dieser Seite sind nur f\u00fcr den privaten, nicht kommerziellen Gebrauch gestattet. Soweit die Inhalte auf dieser Seite nicht vom Betreiber erstellt wurden, werden die Urheberrechte Dritter beachtet. Insbesondere werden Inhalte Dritter als solche gekennzeichnet. Sollten Sie trotzdem auf eine Urheberrechtsverletzung aufmerksam werden, bitten wir um einen entsprechenden Hinweis. Bei Bekanntwerden von Rechtsverletzungen werden wir derartige Inhalte umgehend entfernen.<\/p>\n<p>Website Impressum von impressum-generator.de<\/p>\n","protected":false},"excerpt":{"rendered":"<p>Angaben gem\u00e4\u00df \u00a7 5 TMG Anbieter: Seibel GmbH &#038; Co KG Amberger Str. 132 93057 Regensburg Vertreten durch: Michael Simmendinger USt.-ID: DE270404930 Aufsichtsbeh\u00f6rde: IHK Regensburg HRA 10772 Kontakt: E-Mail: service@gmbh-seibel.de Haftungsausschluss: Wir sind eine Firma und sorgen f\u00fcr die Vermittlung von Auftr\u00e4gen an kompetente und sorgf\u00e4ltig ausgew\u00e4hlte Schl\u00fcsseldienste. Aus diesem Grund k\u00f6nnen wir nicht f\u00fcr [&hellip;]<\/p>\n","protected":false},"author":1,"featured_media":0,"parent":0,"menu_order":0,"comment_status":"closed","ping_status":"closed","template":"","meta":[],"yoast_head":"<!-- This site is optimized with the Yoast SEO plugin v17.7.1 - https:\/\/yoast.com\/wordpress\/plugins\/seo\/ -->\n<meta name=\"robots\" content=\"index, follow, max-snippet:-1, max-image-preview:large, max-video-preview:-1\" \/>\n<link rel=\"canonical\" href=\"https:\/\/xn--aunds-schlsseldienst-yec.de\/schluesseldienst\/impressum\/\" \/>\n<meta property=\"og:locale\" content=\"de_DE\" \/>\n<meta property=\"og:type\" content=\"article\" \/>\n<meta property=\"og:title\" content=\"Impressum - A&amp;S Schl\u00fcsseldienst g\u00fcnstig\" \/>\n<meta property=\"og:description\" content=\"Angaben gem\u00e4\u00df \u00a7 5 TMG Anbieter: Seibel GmbH &#038; Co KG Amberger Str. 132 93057 Regensburg Vertreten durch: Michael Simmendinger USt.-ID: DE270404930 Aufsichtsbeh\u00f6rde: IHK Regensburg HRA 10772 Kontakt: E-Mail: service@gmbh-seibel.de Haftungsausschluss: Wir sind eine Firma und sorgen f\u00fcr die Vermittlung von Auftr\u00e4gen an kompetente und sorgf\u00e4ltig ausgew\u00e4hlte Schl\u00fcsseldienste. Aus diesem Grund k\u00f6nnen wir nicht f\u00fcr [&hellip;]\" \/>\n<meta property=\"og:url\" content=\"https:\/\/xn--aunds-schlsseldienst-yec.de\/schluesseldienst\/impressum\/\" \/>\n<meta property=\"og:site_name\" content=\"A&amp;S Schl\u00fcsseldienst g\u00fcnstig\" \/>\n<meta property=\"article:modified_time\" content=\"2023-05-15T10:22:39+00:00\" \/>\n<meta name=\"twitter:card\" content=\"summary_large_image\" \/>\n<meta name=\"twitter:label1\" content=\"Gesch\u00e4tzte Lesezeit\" \/>\n\t<meta name=\"twitter:data1\" content=\"2 Minuten\" \/>\n<script type=\"application\/ld+json\" class=\"yoast-schema-graph\">{\"@context\":\"https:\/\/schema.org\",\"@graph\":[{\"@type\":\"WebSite\",\"@id\":\"https:\/\/xn--aunds-schlsseldienst-yec.de\/schluesseldienst\/#website\",\"url\":\"https:\/\/xn--aunds-schlsseldienst-yec.de\/schluesseldienst\/\",\"name\":\"A&amp;S Schl\\u00fcsseldienst g\\u00fcnstig\",\"description\":\"\",\"potentialAction\":[{\"@type\":\"SearchAction\",\"target\":{\"@type\":\"EntryPoint\",\"urlTemplate\":\"https:\/\/xn--aunds-schlsseldienst-yec.de\/schluesseldienst\/?s={search_term_string}\"},\"query-input\":\"required name=search_term_string\"}],\"inLanguage\":\"de-DE\"},{\"@type\":\"WebPage\",\"@id\":\"https:\/\/xn--aunds-schlsseldienst-yec.de\/schluesseldienst\/impressum\/#webpage\",\"url\":\"https:\/\/xn--aunds-schlsseldienst-yec.de\/schluesseldienst\/impressum\/\",\"name\":\"Impressum - A&amp;S Schl\\u00fcsseldienst g\\u00fcnstig\",\"isPartOf\":{\"@id\":\"https:\/\/xn--aunds-schlsseldienst-yec.de\/schluesseldienst\/#website\"},\"datePublished\":\"2020-11-16T10:31:30+00:00\",\"dateModified\":\"2023-05-15T10:22:39+00:00\",\"breadcrumb\":{\"@id\":\"https:\/\/xn--aunds-schlsseldienst-yec.de\/schluesseldienst\/impressum\/#breadcrumb\"},\"inLanguage\":\"de-DE\",\"potentialAction\":[{\"@type\":\"ReadAction\",\"target\":[\"https:\/\/xn--aunds-schlsseldienst-yec.de\/schluesseldienst\/impressum\/\"]}]},{\"@type\":\"BreadcrumbList\",\"@id\":\"https:\/\/xn--aunds-schlsseldienst-yec.de\/schluesseldienst\/impressum\/#breadcrumb\",\"itemListElement\":[{\"@type\":\"ListItem\",\"position\":1,\"name\":\"Startseite\",\"item\":\"https:\/\/xn--aunds-schlsseldienst-yec.de\/schluesseldienst\/\"},{\"@type\":\"ListItem\",\"position\":2,\"name\":\"Impressum\"}]}]}<\/script>\n<!-- \/ Yoast SEO plugin. -->","yoast_head_json":{"robots":{"index":"index","follow":"follow","max-snippet":"max-snippet:-1","max-image-preview":"max-image-preview:large","max-video-preview":"max-video-preview:-1"},"canonical":"https:\/\/xn--aunds-schlsseldienst-yec.de\/schluesseldienst\/impressum\/","og_locale":"de_DE","og_type":"article","og_title":"Impressum - A&amp;S Schl\u00fcsseldienst g\u00fcnstig","og_description":"Angaben gem\u00e4\u00df \u00a7 5 TMG Anbieter: Seibel GmbH &#038; Co KG Amberger Str. 132 93057 Regensburg Vertreten durch: Michael Simmendinger USt.-ID: DE270404930 Aufsichtsbeh\u00f6rde: IHK Regensburg HRA 10772 Kontakt: E-Mail: service@gmbh-seibel.de Haftungsausschluss: Wir sind eine Firma und sorgen f\u00fcr die Vermittlung von Auftr\u00e4gen an kompetente und sorgf\u00e4ltig ausgew\u00e4hlte Schl\u00fcsseldienste. Aus diesem Grund k\u00f6nnen wir nicht f\u00fcr [&hellip;]","og_url":"https:\/\/xn--aunds-schlsseldienst-yec.de\/schluesseldienst\/impressum\/","og_site_name":"A&amp;S Schl\u00fcsseldienst g\u00fcnstig","article_modified_time":"2023-05-15T10:22:39+00:00","twitter_card":"summary_large_image","twitter_misc":{"Gesch\u00e4tzte Lesezeit":"2 Minuten"},"schema":{"@context":"https:\/\/schema.org","@graph":[{"@type":"WebSite","@id":"https:\/\/xn--aunds-schlsseldienst-yec.de\/schluesseldienst\/#website","url":"https:\/\/xn--aunds-schlsseldienst-yec.de\/schluesseldienst\/","name":"A&amp;S Schl\u00fcsseldienst g\u00fcnstig","description":"","potentialAction":[{"@type":"SearchAction","target":{"@type":"EntryPoint","urlTemplate":"https:\/\/xn--aunds-schlsseldienst-yec.de\/schluesseldienst\/?s={search_term_string}"},"query-input":"required name=search_term_string"}],"inLanguage":"de-DE"},{"@type":"WebPage","@id":"https:\/\/xn--aunds-schlsseldienst-yec.de\/schluesseldienst\/impressum\/#webpage","url":"https:\/\/xn--aunds-schlsseldienst-yec.de\/schluesseldienst\/impressum\/","name":"Impressum - A&amp;S Schl\u00fcsseldienst g\u00fcnstig","isPartOf":{"@id":"https:\/\/xn--aunds-schlsseldienst-yec.de\/schluesseldienst\/#website"},"datePublished":"2020-11-16T10:31:30+00:00","dateModified":"2023-05-15T10:22:39+00:00","breadcrumb":{"@id":"https:\/\/xn--aunds-schlsseldienst-yec.de\/schluesseldienst\/impressum\/#breadcrumb"},"inLanguage":"de-DE","potentialAction":[{"@type":"ReadAction","target":["https:\/\/xn--aunds-schlsseldienst-yec.de\/schluesseldienst\/impressum\/"]}]},{"@type":"BreadcrumbList","@id":"https:\/\/xn--aunds-schlsseldienst-yec.de\/schluesseldienst\/impressum\/#breadcrumb","itemListElement":[{"@type":"ListItem","position":1,"name":"Startseite","item":"https:\/\/xn--aunds-schlsseldienst-yec.de\/schluesseldienst\/"},{"@type":"ListItem","position":2,"name":"Impressum"}]}]}},"_links":{"self":[{"href":"https:\/\/xn--aunds-schlsseldienst-yec.de\/schluesseldienst\/wp-json\/wp\/v2\/pages\/289142"}],"collection":[{"href":"https:\/\/xn--aunds-schlsseldienst-yec.de\/schluesseldienst\/wp-json\/wp\/v2\/pages"}],"about":[{"href":"https:\/\/xn--aunds-schlsseldienst-yec.de\/schluesseldienst\/wp-json\/wp\/v2\/types\/page"}],"author":[{"embeddable":true,"href":"https:\/\/xn--aunds-schlsseldienst-yec.de\/schluesseldienst\/wp-json\/wp\/v2\/users\/1"}],"replies":[{"embeddable":true,"href":"https:\/\/xn--aunds-schlsseldienst-yec.de\/schluesseldienst\/wp-json\/wp\/v2\/comments?post=289142"}],"version-history":[{"count":2,"href":"https:\/\/xn--aunds-schlsseldienst-yec.de\/schluesseldienst\/wp-json\/wp\/v2\/pages\/289142\/revisions"}],"predecessor-version":[{"id":303312,"href":"https:\/\/xn--aunds-schlsseldienst-yec.de\/schluesseldienst\/wp-json\/wp\/v2\/pages\/289142\/revisions\/303312"}],"wp:attachment":[{"href":"https:\/\/xn--aunds-schlsseldienst-yec.de\/schluesseldienst\/wp-json\/wp\/v2\/media?parent=289142"}],"curies":[{"name":"wp","href":"https:\/\/api.w.org\/{rel}","templated":true}]}}