{"id":289137,"date":"2020-11-16T09:48:37","date_gmt":"2020-11-16T09:48:37","guid":{"rendered":"https:\/\/xn--aunds-schlsseldienst-yec.de\/schluesseldienst\/?page_id=289137"},"modified":"2020-11-16T09:48:37","modified_gmt":"2020-11-16T09:48:37","slug":"as-schluesseldienst","status":"publish","type":"page","link":"https:\/\/xn--aunds-schlsseldienst-yec.de\/schluesseldienst\/","title":{"rendered":"A&#038;S Schl\u00fcsseldienst"},"content":{"rendered":"<h2>Schl\u00fcsseldienste professionell &amp; preiswert mit A&amp;S<\/h2>\n<p>Kontaktieren Sie unseren Schl\u00fcsseldienst, wenn Sie schnelle und professionelle Hilfe ben\u00f6tigen, weil Ihnen beispielsweise die T\u00fcr ins Schloss gefallen ist. Ohne Weiteres hatten Sie bisher noch nichts mit uns zu tun. Doch jetzt ist beim kurzen Verlassen der Wohnung oder des Hauses die Eingangst\u00fcr zugeschlagen. Auch wenn Sie Ihren Schl\u00fcssel verloren haben oder Dieser abgebrochen ist, z\u00f6gern Sie nicht, unseren Schl\u00fcsseldienst anzurufen. Im Nu befreien unsere Profis Sie aus Ihrer misslichen Lage, ohne gr\u00f6\u00dferen Schaden anzurichten. Unsere Maxime hei\u00dft Kundenzufriedenheit, was uns immer wieder best\u00e4tigt wird.<\/p>\n<h2>Unsere Leistungen als Schl\u00fcsseldienst<\/h2>\n<blockquote><p>Unser Schl\u00fcsseldienst arbeitet schnell, seri\u00f6s und kundenorientiert<\/p><\/blockquote>\n<p>Nehmen Sie Kontakt zu unserem Schl\u00fcsseldienst auf und sofort macht sich ein erfahrener Mitarbeiter zu Ihnen auf den Weg. Unsere h\u00f6chste Priorit\u00e4t ist es, Sie nicht lange vor Ihrer T\u00fcr warten zu lassen. Viele Menschen kennen diese Situation aus eigener Erfahrung und sind froh, wenn sie wieder schnell in Ihre R\u00e4umlichkeiten k\u00f6nnen.<\/p>\n<p>Mit einem Blick sehen unsere Fachleute was zu ist und sperren in der Regel die T\u00fcr mit wenigen Handgriffen sofort auf. Immer wieder h\u00f6ren wir durch unsere Kunden von dubiosen Machenschaften durch andere Firmen, die eine Zerst\u00f6rung des T\u00fcrschlosses und meist auch Teile des Rahmens, nach sich ziehen. Auf die hohen Kosten bleiben die Anrufer dann sitzen. Lassen Sie es nicht so weit kommen und rufen Sie nicht irgendeinen Schl\u00fcsseldienst an, wenn Sie Hilfe ben\u00f6tigen. W\u00e4hlen Sie unsere Nummer und begeben Sie sich an die Seite von Profis, die zu einem fairen Preis-Leistungs-Verh\u00e4ltnis arbeiten.<\/p>\n<blockquote><p>Wir verdanken unsere bestm\u00f6glichen Leistungen den tragenden S\u00e4ulen unseres Unternehmens &#8211; unseren Mitarbeitern!<\/p><\/blockquote>\n<p>Denn, sie sind Tag und Nacht im Einsatz f\u00fcr Sie, egal ob am Wochenende oder am Feiertag. Profitieren auch Sie von unserem Notdienst, der sich durch exzellente Erreichbarkeit und Schnelligkeit vor Ort auszeichnet. F\u00fcr unsere Monteure geh\u00f6ren die meisten T\u00fcr\u00f6ffnungen zu einer Routinet\u00e4tigkeit. Diese ist in der Regel im Handumdrehen erledigt und Sie k\u00f6nnen Ihren gewohnten Alltag nachgehen. Oft ist die Eingangst\u00fcr einer Wohnung zugefallen, der Schl\u00fcssel befindet sich im Inneren oder der Zweitschl\u00fcssel steckt von innen in der T\u00fcr. V\u00f6llig unerheblich um welchen Fall es sich handelt, wir sind routiniert f\u00fcr Sie im Einsatz. Gerne bieten wir Ihnen auch unsere Hilfe an, wenn Sie beispielsweise eine Hochsicherheitst\u00fcr ge\u00f6ffnet haben m\u00f6chten oder Ihr Autoschl\u00fcssel abhanden gekommen ist. Dar\u00fcber hinaus kennen sich unsere Profis auch mit dem Austausch verschiedener Zylinder bestens aus. Zudem beraten wir Sie in puncto Einbruchschutz &#8211; rufen Sie uns an!<\/p>\n<h3>Zu unseren Leistungen f\u00fcr Privat- und Gesch\u00e4ftskunden geh\u00f6ren:<\/h3>\n<ul>\n<li>z\u00fcgige T\u00fcr\u00f6ffnungen bei zugefallenen T\u00fcren<\/li>\n<li>schadensfreie T\u00fcr\u00f6ffnungen bei verschlossenen T\u00fcren mit Auswechseln des Zylinders<\/li>\n<li>Reparaturarbeiten von Einbruchsch\u00e4den<\/li>\n<li>Briefkasten-Schl\u00f6sser tauschen oder \u00f6ffnen<\/li>\n<li>Garagentor-Schl\u00f6sser tauschen oder \u00f6ffnen<\/li>\n<li>Schlie\u00dfanlagen mit und ohne Sicherungskarte \u00f6ffnen<\/li>\n<li>Zylindertausch oder Zylinderwechsel namhafter Hersteller<\/li>\n<li>Abgebrochener Schl\u00fcssel, der fest im Schloss steckt, entfernen<\/li>\n<li>24-Stunden-Schl\u00fcsselnotdienst<\/li>\n<li>\u00d6ffnungen verschiedenster Schl\u00f6sser<\/li>\n<li>Zugesagter Festpreis f\u00fcr s\u00e4mtliche T\u00fcr\u00f6ffnungen<\/li>\n<li>Fairer Preis, transparente Rechnungserstellung<\/li>\n<li>Beratung zum nachhaltigen, individuellen Einbruchsschutz f\u00fcr T\u00fcren und Fenster.<\/li>\n<\/ul>\n<p>F\u00fcr Gesch\u00e4ftskunden bieten wir eine vollst\u00e4ndige, transparente und steuerlich wirksame Dokumentation an. Unsere L\u00f6sungen sind f\u00fcr Unternehmen und Beh\u00f6rden ma\u00dfgeschneidert, wobei wir strikt s\u00e4mtliche branchenspezifischen Normen und Vorschriften einhalten.<\/p>\n<h3>Besonders heikel kann die Situation bei einem verlorenen Schl\u00fcssel sein&#8230;<\/h3>\n<p>Aber auch dann, wenn Sie vor Ihrer verschlossenen T\u00fcre stehen und Ihren Schl\u00fcssel nicht mehr wieder finden, sind wir f\u00fcr Sie da. Verzweifeln Sie nicht, sondern w\u00e4hlen Sie unsere Nummer. Sofort ist der Bereitschaftsdienst dran und zeitnah f\u00fchrt ein Mitarbeiter von unserem Schl\u00fcsseldienst die T\u00fcr\u00f6ffnung durch. Sollte sich Ihrer Meinung nach der verlorene Schl\u00fcssel in der Wohnung befinden, ist es nat\u00fcrlich ratsam diesen dann zu suchen, um weitere Kosten zu vermeiden. Ist dies nicht der Fall und der Schl\u00fcssel ist vermeintlich unterwegs verloren gegangen, wechseln wir das Schloss gerne aus. Unsere Spezialisten sprechen all ihre T\u00e4tigkeiten mit Ihnen ab und beraten Sie, welche M\u00f6glichkeiten f\u00fcr Sie in Betracht kommen und was das kostet.<\/p>\n<div id=\"schaedlinge\">\n<h2>Hohe Qualit\u00e4tsstandards bei A&amp;S Schl\u00fcsseldienst<\/h2>\n<p><em>Wenn bei Ihnen eingebrochen wurde, sitzt der Schock meist tief&#8230;<\/em><\/p>\n<p>Unsere Mitarbeiter sind langj\u00e4hrig bei uns besch\u00e4ftigt und mit vielen Situationen in diesem Bereich vertraut. So auch mit vonstattengegangen Einbr\u00fcchen bei unseren Kunden. Wenn bei Ihnen eingebrochen wurde, kann das sehr belastend sein. Das wissen wir. Allein der Gedanke, dass eine oder mehrere fremde Personen in den eigenen vier W\u00e4nden waren, ist schwer zu ertragen. Wir raten Ihnen in solchen Situationen m\u00f6glichst ruhig zu bleiben und nach der Anzeige bei der Polizei sofort uns zu kontaktieren. Auch in dieser Situation begeben wir uns an Ihre Seite und sind mit Rat und Tat dabei.<\/p>\n<p>Die Beseitigung von Einbruchsch\u00e4den erledigen unsere Profis schnell und zuverl\u00e4ssig f\u00fcr Sie. Gerne beraten wir Sie in puncto eines neuen und einbruchssicheren Zylinders f\u00fcr die T\u00fcr. Und wenn wir dann schon mal bei Ihnen vor Ort sind, geben wir Ihnen gerne unverbindlich wertvolle Tipps bez\u00fcglich einer passenden Einbruchssicherung.<\/p>\n<p>Mit oft nur wenigen Sicherheitsma\u00dfnahmen k\u00f6nnen T\u00fcren, auf Wunsch auch Fenster, von unserem Schl\u00fcsseldienst aufgewertet und damit sicher gemacht werden. Mit unseren L\u00f6sungen zum Thema Objektsicherung und Einbruchschutz verliert jeder Einbrecher die Lust, sich an Ihrem Haus zu vergreifen.<\/p>\n<p>Am besten speichern Sie unsere Nummer f\u00fcr den Fall der F\u00e4lle gleich in Ihrem Handy ab. Vielleicht ben\u00f6tigen Sie uns mal nachts, wenn Sie von einer Dienstreise nach Hause kommen. So haben Sie uns schnell zur Hand und wir k\u00f6nnen uns auf den Weg machen. Unser Schl\u00fcsseldienst ist bekannt daf\u00fcr, dass Kunden schnell wieder zur Normalit\u00e4t zur\u00fcckkehren k\u00f6nnen.<\/p>\n<p><strong>Fazit: Nehmen Sie nicht irgendeinen Schl\u00fcsseldienst &#8211; \u00fcberlassen Sie T\u00fcr\u00f6ffnungen uns, den Profis!<\/strong><\/p>\n<blockquote><p>Leider ist Betrug in der Branche eines Schl\u00fcsseldiensts an der Tagesordnung und immer wieder ein aktuelles Thema.<\/p><\/blockquote>\n<h3>Achtung!!<\/h3>\n<p>Springen Sie bitte nicht auf die erstbesten Angebote und Anzeigen an. Seien Sie vorsichtig bei Werbungen wie beispielsweise &#8222;T\u00fcr\u00f6ffnungen ab 5 Euro&#8220;! Niemand wird Ihre T\u00fcr f\u00fcr die Kosten von 5 Euro \u00f6ffnen. Diesen Schl\u00fcsseldienst gibt es nicht. Wenn kein Maximum angegeben wird, kann es Ihnen ohne Weiteres passieren, dass Sie bei der zugefallenen T\u00fcr auf 600 Euro und mehr sitzen bleiben. Das klingt vielleicht jetzt f\u00fcr Sie unglaublich, wir h\u00f6ren es aber immer wieder. Fallen Sie nicht auf diese Betr\u00fcger dubioser Schl\u00fcsseldienste herein und wenden Sie sich vertrauensvoll an unser Unternehmen.<\/p>\n<p>Wenn Sie sich dennoch in puncto Onlineseiten auf die Suche nach einem geeigneten Schl\u00fcsseldienst begeben, weist eine schlechte Webpr\u00e4senz nicht sofort auf einen Betrug hin. Machen Sie sich bitte die M\u00fche und schauen Sie einmal in das Impressum des Schl\u00fcsseldienstes. Suchen Sie nach Kundenbewertungen und Erfahrungsberichten. Seien Sie vorsichtig, wenn \u00fcber den Schl\u00fcsseldienst kein aussagekr\u00e4ftiges Impressum und Adresse vorhanden ist.<\/p>\n<p>Und erfragen Sie unbedingt bei der ersten Kontaktaufnahme die Preise. Beworbene Superaktionen im Bereich eines Schl\u00fcsseldienstes sind unseri\u00f6s! Fragen Sie nach den Preisen f\u00fcr die T\u00fcr\u00f6ffnung und ob weitere Pauschalen anfallen. Wird die Anfahrt extra berechnet, wenn ja, wie hoch? Gibt es Aufpreise f\u00fcr Feiertage am Wochenende und zu bestimmten Uhrzeiten? Und findet sich dann ein Mitarbeiter von einem Schl\u00fcsseldienst bei Ihnen ein und h\u00e4lt Ihnen gleich zu Anfang ein Papier hin, unterschreiben Sie dieses nicht sofort blanco.<\/p>\n<p>Mit unseren Tipps k\u00f6nnen Sie diese leicht schwarze Schafe ausfindig machen. Auf jeden Fall, sind Sie bei unserem Team immer auf der sicheren Seite. Unsere Arbeiten werden von Fachleuten durchgef\u00fchrt, die Preisgestaltung ist grunds\u00e4tzlich transparent sowie nachvollziehbar und damit \u00fcberaus kundenfreundlich f\u00fcr Sie. Bei uns wissen Sie als wertgesch\u00e4tzter Kunde immer im Voraus, welche Kosten auf Sie zukommen. Wir freuen uns auf Ihren Auftrag und eine gute Zusammenarbeit!<\/p>\n<\/div>\n","protected":false},"excerpt":{"rendered":"<p>Schl\u00fcsseldienste professionell &amp; preiswert mit A&amp;S Kontaktieren Sie unseren Schl\u00fcsseldienst, wenn Sie schnelle und professionelle Hilfe ben\u00f6tigen, weil Ihnen beispielsweise die T\u00fcr ins Schloss gefallen ist. Ohne Weiteres hatten Sie bisher noch nichts mit uns zu tun. Doch jetzt ist beim kurzen Verlassen der Wohnung oder des Hauses die Eingangst\u00fcr zugeschlagen. Auch wenn Sie Ihren [&hellip;]<\/p>\n","protected":false},"author":1,"featured_media":0,"parent":0,"menu_order":0,"comment_status":"closed","ping_status":"closed","template":"","meta":[],"yoast_head":"<!-- This site is optimized with the Yoast SEO plugin v17.7.1 - https:\/\/yoast.com\/wordpress\/plugins\/seo\/ -->\n<meta name=\"robots\" content=\"index, follow, max-snippet:-1, max-image-preview:large, max-video-preview:-1\" \/>\n<link rel=\"canonical\" href=\"https:\/\/xn--aunds-schlsseldienst-yec.de\/schluesseldienst\/\" \/>\n<meta property=\"og:locale\" content=\"de_DE\" \/>\n<meta property=\"og:type\" content=\"article\" \/>\n<meta property=\"og:title\" content=\"A&amp;S Schl\u00fcsseldienst - A&amp;S Schl\u00fcsseldienst g\u00fcnstig\" \/>\n<meta property=\"og:description\" content=\"Schl\u00fcsseldienste professionell &amp; preiswert mit A&amp;S Kontaktieren Sie unseren Schl\u00fcsseldienst, wenn Sie schnelle und professionelle Hilfe ben\u00f6tigen, weil Ihnen beispielsweise die T\u00fcr ins Schloss gefallen ist. Ohne Weiteres hatten Sie bisher noch nichts mit uns zu tun. Doch jetzt ist beim kurzen Verlassen der Wohnung oder des Hauses die Eingangst\u00fcr zugeschlagen. Auch wenn Sie Ihren [&hellip;]\" \/>\n<meta property=\"og:url\" content=\"https:\/\/xn--aunds-schlsseldienst-yec.de\/schluesseldienst\/\" \/>\n<meta property=\"og:site_name\" content=\"A&amp;S Schl\u00fcsseldienst g\u00fcnstig\" \/>\n<meta name=\"twitter:card\" content=\"summary_large_image\" \/>\n<meta name=\"twitter:label1\" content=\"Gesch\u00e4tzte Lesezeit\" \/>\n\t<meta name=\"twitter:data1\" content=\"7 Minuten\" \/>\n<script type=\"application\/ld+json\" class=\"yoast-schema-graph\">{\"@context\":\"https:\/\/schema.org\",\"@graph\":[{\"@type\":\"WebSite\",\"@id\":\"https:\/\/xn--aunds-schlsseldienst-yec.de\/schluesseldienst\/#website\",\"url\":\"https:\/\/xn--aunds-schlsseldienst-yec.de\/schluesseldienst\/\",\"name\":\"A&amp;S Schl\\u00fcsseldienst g\\u00fcnstig\",\"description\":\"\",\"potentialAction\":[{\"@type\":\"SearchAction\",\"target\":{\"@type\":\"EntryPoint\",\"urlTemplate\":\"https:\/\/xn--aunds-schlsseldienst-yec.de\/schluesseldienst\/?s={search_term_string}\"},\"query-input\":\"required name=search_term_string\"}],\"inLanguage\":\"de-DE\"},{\"@type\":\"WebPage\",\"@id\":\"https:\/\/xn--aunds-schlsseldienst-yec.de\/schluesseldienst\/#webpage\",\"url\":\"https:\/\/xn--aunds-schlsseldienst-yec.de\/schluesseldienst\/\",\"name\":\"A&S Schl\\u00fcsseldienst - A&amp;S Schl\\u00fcsseldienst g\\u00fcnstig\",\"isPartOf\":{\"@id\":\"https:\/\/xn--aunds-schlsseldienst-yec.de\/schluesseldienst\/#website\"},\"datePublished\":\"2020-11-16T09:48:37+00:00\",\"dateModified\":\"2020-11-16T09:48:37+00:00\",\"breadcrumb\":{\"@id\":\"https:\/\/xn--aunds-schlsseldienst-yec.de\/schluesseldienst\/#breadcrumb\"},\"inLanguage\":\"de-DE\",\"potentialAction\":[{\"@type\":\"ReadAction\",\"target\":[\"https:\/\/xn--aunds-schlsseldienst-yec.de\/schluesseldienst\/\"]}]},{\"@type\":\"BreadcrumbList\",\"@id\":\"https:\/\/xn--aunds-schlsseldienst-yec.de\/schluesseldienst\/#breadcrumb\",\"itemListElement\":[{\"@type\":\"ListItem\",\"position\":1,\"name\":\"Startseite\",\"item\":\"https:\/\/xn--aunds-schlsseldienst-yec.de\/schluesseldienst\/\"},{\"@type\":\"ListItem\",\"position\":2,\"name\":\"A&#038;S Schl\\u00fcsseldienst\"}]}]}<\/script>\n<!-- \/ Yoast SEO plugin. -->","yoast_head_json":{"robots":{"index":"index","follow":"follow","max-snippet":"max-snippet:-1","max-image-preview":"max-image-preview:large","max-video-preview":"max-video-preview:-1"},"canonical":"https:\/\/xn--aunds-schlsseldienst-yec.de\/schluesseldienst\/","og_locale":"de_DE","og_type":"article","og_title":"A&S Schl\u00fcsseldienst - A&amp;S Schl\u00fcsseldienst g\u00fcnstig","og_description":"Schl\u00fcsseldienste professionell &amp; preiswert mit A&amp;S Kontaktieren Sie unseren Schl\u00fcsseldienst, wenn Sie schnelle und professionelle Hilfe ben\u00f6tigen, weil Ihnen beispielsweise die T\u00fcr ins Schloss gefallen ist. Ohne Weiteres hatten Sie bisher noch nichts mit uns zu tun. Doch jetzt ist beim kurzen Verlassen der Wohnung oder des Hauses die Eingangst\u00fcr zugeschlagen. Auch wenn Sie Ihren [&hellip;]","og_url":"https:\/\/xn--aunds-schlsseldienst-yec.de\/schluesseldienst\/","og_site_name":"A&amp;S Schl\u00fcsseldienst g\u00fcnstig","twitter_card":"summary_large_image","twitter_misc":{"Gesch\u00e4tzte Lesezeit":"7 Minuten"},"schema":{"@context":"https:\/\/schema.org","@graph":[{"@type":"WebSite","@id":"https:\/\/xn--aunds-schlsseldienst-yec.de\/schluesseldienst\/#website","url":"https:\/\/xn--aunds-schlsseldienst-yec.de\/schluesseldienst\/","name":"A&amp;S Schl\u00fcsseldienst g\u00fcnstig","description":"","potentialAction":[{"@type":"SearchAction","target":{"@type":"EntryPoint","urlTemplate":"https:\/\/xn--aunds-schlsseldienst-yec.de\/schluesseldienst\/?s={search_term_string}"},"query-input":"required name=search_term_string"}],"inLanguage":"de-DE"},{"@type":"WebPage","@id":"https:\/\/xn--aunds-schlsseldienst-yec.de\/schluesseldienst\/#webpage","url":"https:\/\/xn--aunds-schlsseldienst-yec.de\/schluesseldienst\/","name":"A&S Schl\u00fcsseldienst - A&amp;S Schl\u00fcsseldienst g\u00fcnstig","isPartOf":{"@id":"https:\/\/xn--aunds-schlsseldienst-yec.de\/schluesseldienst\/#website"},"datePublished":"2020-11-16T09:48:37+00:00","dateModified":"2020-11-16T09:48:37+00:00","breadcrumb":{"@id":"https:\/\/xn--aunds-schlsseldienst-yec.de\/schluesseldienst\/#breadcrumb"},"inLanguage":"de-DE","potentialAction":[{"@type":"ReadAction","target":["https:\/\/xn--aunds-schlsseldienst-yec.de\/schluesseldienst\/"]}]},{"@type":"BreadcrumbList","@id":"https:\/\/xn--aunds-schlsseldienst-yec.de\/schluesseldienst\/#breadcrumb","itemListElement":[{"@type":"ListItem","position":1,"name":"Startseite","item":"https:\/\/xn--aunds-schlsseldienst-yec.de\/schluesseldienst\/"},{"@type":"ListItem","position":2,"name":"A&#038;S Schl\u00fcsseldienst"}]}]}},"_links":{"self":[{"href":"https:\/\/xn--aunds-schlsseldienst-yec.de\/schluesseldienst\/wp-json\/wp\/v2\/pages\/289137"}],"collection":[{"href":"https:\/\/xn--aunds-schlsseldienst-yec.de\/schluesseldienst\/wp-json\/wp\/v2\/pages"}],"about":[{"href":"https:\/\/xn--aunds-schlsseldienst-yec.de\/schluesseldienst\/wp-json\/wp\/v2\/types\/page"}],"author":[{"embeddable":true,"href":"https:\/\/xn--aunds-schlsseldienst-yec.de\/schluesseldienst\/wp-json\/wp\/v2\/users\/1"}],"replies":[{"embeddable":true,"href":"https:\/\/xn--aunds-schlsseldienst-yec.de\/schluesseldienst\/wp-json\/wp\/v2\/comments?post=289137"}],"version-history":[{"count":0,"href":"https:\/\/xn--aunds-schlsseldienst-yec.de\/schluesseldienst\/wp-json\/wp\/v2\/pages\/289137\/revisions"}],"wp:attachment":[{"href":"https:\/\/xn--aunds-schlsseldienst-yec.de\/schluesseldienst\/wp-json\/wp\/v2\/media?parent=289137"}],"curies":[{"name":"wp","href":"https:\/\/api.w.org\/{rel}","templated":true}]}}